{"id":735,"date":"2014-12-05T06:18:18","date_gmt":"2014-12-05T05:18:18","guid":{"rendered":"http:\/\/news.schuel.ch\/?page_id=735&#038;lang=de"},"modified":"2017-10-10T16:00:01","modified_gmt":"2017-10-10T15:00:01","slug":"testimonials","status":"publish","type":"page","link":"https:\/\/about.openki.net\/en\/community\/partner\/testimonials\/","title":{"rendered":"Testimonials"},"content":{"rendered":"<blockquote class=\"testimonials\"><p>&#8211; Auf Openki sind Kurse aller Denkarten m\u00f6glich: Von Zertifikat bis Lerngruppe. Von ziel- und nutzenorientiertem Lernen bis hin zu spielerischen und experimentellem, die Neugierde stillenden Lernen. Gerade dieses informelle Lernen braucht es, damit Menschen sich wieder dem Lernen zuwenden, welche sich das Lernen sonst gar nicht zutrauen.<\/p>\n<p>&#8211; Bei der Plattform geht es um Begegnungen von Menschen, darum, dass Leute sich finden. Die Erf\u00fcllung dieses Bed\u00fcrfnises kann nur durch physischen Kontakt und sich kennenlernen gestillt werden. Dahinter steckt ganz klar ein sozialer Integrationsgedanke. Dass Leute Gemeinschaften bilden, und in echte Interaktion miteinander treten.<\/p>\n<p>&#8211; Dieses \u201edemokratische Lernen\u201c ist gleichzeitig auch die bedarfsgerechteste Form von Angebot. Inhalte sowie Lernformen sind so gestaltet, wie die Teilnehmer es wollen und nicht wie die Animatoren oder Trendscouts sich das vorstellen und entspricht somit immer dem, was die Menschen auch brauchen.<\/p>\n<p>Diese drei Punkte sind zum bestehenden Angebot komplement\u00e4r und erg\u00e4nzen es zugleich perfekt. Dies macht das Projekt so innovativ und unterst\u00fctzenswert.<\/p>\n<div id=\"blockquote_author\">&#8211; Daniel Hilfiker (Dynamo)<\/div>\n<\/blockquote>\n<blockquote class=\"testimonials\"><p>Eine solche Plattform ist nicht nur f\u00fcr Schulen, die Kurse anbieten sehr hilfreich, sondern auch f\u00fcr die potenziellen Studierenden. Sie bietet die M\u00f6glichkeit in der Flut von Kursen und verschiedenen Formaten und Angeboten, Interessierten eine Plattform zu Verf\u00fcgung zu stellen, wo Inhalte verglichen werden k\u00f6nnen und im Vordergrund stehen, und nicht die Vermarktung derselben. Als Lehrgangsleiter der HF Bildende Kunst an der Schule f\u00fcr Gestaltung St Gallen kann ich mir gut vorstellen, diese Plattform zu nutzen.<\/p>\n<div id=\"blockquote_author\">&#8211; Adrian Notz (Schule f\u00fcr Gestaltung St. Gallen)<\/div>\n<\/blockquote>\n<blockquote class=\"testimonials\"><p>Es tut sich viel in den Bereichen Do It Yourself (von Urban Gardening bis hin zu Tauschkreisen und Regionalw\u00e4hrungen) und alternative Bildung wie dies zum Beispiel im Buch &#8220;Die heimlichen Revolution\u00e4re. Wie die Generation Y unsere Welt ver\u00e4ndert&#8221; vom bekannten Jugendforscher Klaus Hurrelmann aufgezeigt wird. Diese neue Generation benutzt mit grosser Selbstverst\u00e4ndlichkeit den Computer und das Internet zur Vernetzung und Selbstorganisation. Dem entsprechende Tools zu entwickeln, ist wertvoll und wichtig f\u00fcr die Zukunft und eine nachhaltige Entwicklung.<\/p>\n<div id=\"blockquote_author\">&#8211; Manuel Lehmann (DANACH)<\/div>\n<\/blockquote>\n<blockquote class=\"testimonials\"><p>Ich bin als Moderator f\u00fcr Deutsch an der autonomen Schule Z\u00fcrich aktiv. Als Teil eines Projektes, welches Bildung auch jenen Personen erm\u00f6glichen will, die in prek\u00e4ren finanziellen Verh\u00e4ltinissen leben, unterst\u00fctze ich das Projekt \u201aOpenki\u2018, weil es erm\u00f6glicht, dass brachliegende M\u00f6glichkeiten genutzt werden:<\/p>\n<p>&#8211; Wer einen Kurs anbieten will, kann das machen, auch wenn er oder sie noch \u00fcber keinen Raum verf\u00fcgen und nicht an einer Institution angeschlossen ist.<br \/>\n&#8211; Wer \u00fcber R\u00e4umlichkeiten verf\u00fcgt, die er oder sie tempor\u00e4r f\u00fcr Kurse oder Weiterbildungen zur Verf\u00fcgung stellen will, kann dies auf einfache Art und Weise anbieten<br \/>\n&#8211; Wer prek\u00e4r lebt, \u00fcber viel Zeit und wenig Geld verf\u00fcgt, findet bei Openki eine Plattform, mit der sie oder er sicher einen passenden Kurs heraussuchen kann.<\/p>\n<p>Mit kleinstm\u00f6glichem Aufwand erm\u00f6glicht die Idee von Openki, dass sich AnbieterInnen und TeilnehmerInnen finden. Ein wichtiges Plus ist zudem, dass Wissensaustausch und Weiterbildung auch in peripheren Gebieten m\u00f6glich und nicht nur auf die gr\u00f6sseren St\u00e4dte begrenzt ist. Die Idee des dezentralen Austausches ist eine der grossen St\u00e4rken dieses Projektes.<\/p>\n<div id=\"blockquote_author\">&#8211; Mischa Brutschin (Autonome Schule Z\u00fcrich)<\/div>\n<\/blockquote>\n<blockquote class=\"testimonials\"><p>&#8220;Als Erg\u00e4nzung und Vereinfachung der Kommunikation von SGMK-Community-Workshops kommt uns das \u00fcbersichtliche Tool von Openki sehr gelegen! Sehr gerne werden wir diese moderne Plattform als Fenster f\u00fcr ein m\u00f6glichst niederschwelliges Angebot an Workshops im Bereich von zeitgen\u00f6ssischen Medien nutzen! Zur Vereinfachung der Organisation und Koordination von mehreren Kursen eignen sich vor allem die informativen Ansichten, die flexiblen Bedienelemente und die einfach zu handhabenden Templates, welche Openki schon im Prototyp erarbeitet.&#8221;<\/p>\n<div id=\"blockquote_author\">&#8211; SGMK (Schweizerische Gesellschaft f\u00fcr mechatronische Kunst)<\/div>\n<\/blockquote>\n<blockquote class=\"testimonials\"><p>\u201cLe projet pilote \u201cOpenki\u201d est tout \u00e0 fait remarquable, son concept extr\u00eamement pertinent et son emploi tr\u00e8s ais\u00e9. En effet Il permet \u00e0 notre collectif non seulement de nous organiser de fa\u00e7on rapide simple et efficace mais en outre il d\u00e9multiplie les possibilit\u00e9s de rencontrer et d\u2019\u00e9changer des savoir et des comp\u00e9tences avec des gens auxquels nous n\u2019aurions jamais eu acc\u00e8s autrement. Cela deviendra pour nous un outil absolument n\u00e9cessaire!\u201d<\/p>\n<div id=\"blockquote_author\">&#8211; LAC (Laboratoire autog\u00e9r\u00e9 de cr\u00e9ation)<\/div>\n<\/blockquote>\n<blockquote class=\"testimonials\"><p>&#8220;Wir stehen heute an einem Wendepunkt um die Vermittlung von Wissen. Technologische M\u00f6glichkeiten und eine sich st\u00e4ndig ver\u00e4ndernde Bildungslandschaft, die grosse finanzielle Investititonen von den Interessierten fordert, verlangen nach neuen Wegen der Wissensvermittlung und Generierung. Die Webplattform Openki erm\u00f6glicht es unterschiedlichsten Teilnehmerinnen und Teilnehmern Zugang zu Bildungsm\u00f6glichkeiten zu gew\u00e4hren. Bei diesem ausergew\u00f6hnlichen Projekt verbinden sich Themen wie Selbstorganisation, zivilgesellschaftliche Fragestellungen und progressive Lernsytseme zu einem ausserordentlich spannenden Kn\u00e4uel.&#8221;<\/p>\n<div id=\"blockquote_author\">&#8211; Stefan Wagner (Corner College)<\/div>\n<\/blockquote>\n<blockquote class=\"testimonials\"><p>&#8220;Les Complices* sind begeistert von der Idee einer Plattform f\u00fcr offene Bildung und werden diese k\u00fcnftig n\u00fctzen, um Workshops anzubieten und um sich mit anderen Communities zu vernetzen.&#8221;<\/p>\n<div id=\"blockquote_author\">&#8211; Martina Baldinger (Les Complices*)<\/div>\n<\/blockquote>\n<div id=\"blockquote_author\"><\/div>\n","protected":false},"excerpt":{"rendered":"<p>&#8211; Auf Openki sind Kurse aller Denkarten m\u00f6glich: Von Zertifikat bis Lerngruppe. Von ziel- und nutzenorientiertem Lernen bis hin zu spielerischen und experimentellem, die Neugierde stillenden Lernen. Gerade dieses informelle Lernen braucht es, damit Menschen sich wieder dem Lernen zuwenden, welche sich das Lernen sonst gar nicht zutrauen. &#8211; Bei der Plattform geht es um [&hellip;]<\/p>\n","protected":false},"author":11,"featured_media":0,"parent":554,"menu_order":0,"comment_status":"closed","ping_status":"closed","template":"","meta":{"footnotes":""},"class_list":["post-735","page","type-page","status-publish","hentry"],"yoast_head":"<!-- This site is optimized with the Yoast SEO plugin v27.5 - https:\/\/yoast.com\/product\/yoast-seo-wordpress\/ -->\n<title>Testimonials - The platform for open education<\/title>\n<meta name=\"robots\" content=\"index, follow, max-snippet:-1, max-image-preview:large, max-video-preview:-1\" \/>\n<link rel=\"canonical\" href=\"https:\/\/about.openki.net\/en\/community\/partner\/testimonials\/\" \/>\n<meta property=\"og:locale\" content=\"en_US\" \/>\n<meta property=\"og:type\" content=\"article\" \/>\n<meta property=\"og:title\" content=\"Testimonials - The platform for open education\" \/>\n<meta property=\"og:description\" content=\"&#8211; Auf Openki sind Kurse aller Denkarten m\u00f6glich: Von Zertifikat bis Lerngruppe. Von ziel- und nutzenorientiertem Lernen bis hin zu spielerischen und experimentellem, die Neugierde stillenden Lernen. Gerade dieses informelle Lernen braucht es, damit Menschen sich wieder dem Lernen zuwenden, welche sich das Lernen sonst gar nicht zutrauen. &#8211; Bei der Plattform geht es um [&hellip;]\" \/>\n<meta property=\"og:url\" content=\"https:\/\/about.openki.net\/en\/community\/partner\/testimonials\/\" \/>\n<meta property=\"og:site_name\" content=\"The platform for open education\" \/>\n<meta property=\"article:publisher\" content=\"https:\/\/www.facebook.com\/openki.net\/\" \/>\n<meta property=\"article:modified_time\" content=\"2017-10-10T15:00:01+00:00\" \/>\n<meta name=\"twitter:card\" content=\"summary_large_image\" \/>\n<meta name=\"twitter:site\" content=\"@openkinet\" \/>\n<meta name=\"twitter:label1\" content=\"Est. reading time\" \/>\n\t<meta name=\"twitter:data1\" content=\"4 minutes\" \/>\n<script type=\"application\/ld+json\" class=\"yoast-schema-graph\">{\"@context\":\"https:\\\/\\\/schema.org\",\"@graph\":[{\"@type\":\"WebPage\",\"@id\":\"https:\\\/\\\/about.openki.net\\\/en\\\/community\\\/partner\\\/testimonials\\\/\",\"url\":\"https:\\\/\\\/about.openki.net\\\/en\\\/community\\\/partner\\\/testimonials\\\/\",\"name\":\"Testimonials - The platform for open education\",\"isPartOf\":{\"@id\":\"https:\\\/\\\/about.openki.net\\\/en\\\/#website\"},\"datePublished\":\"2014-12-05T05:18:18+00:00\",\"dateModified\":\"2017-10-10T15:00:01+00:00\",\"breadcrumb\":{\"@id\":\"https:\\\/\\\/about.openki.net\\\/en\\\/community\\\/partner\\\/testimonials\\\/#breadcrumb\"},\"inLanguage\":\"en-US\",\"potentialAction\":[{\"@type\":\"ReadAction\",\"target\":[[\"https:\\\/\\\/about.openki.net\\\/en\\\/community\\\/partner\\\/testimonials\\\/\"]]}]},{\"@type\":\"BreadcrumbList\",\"@id\":\"https:\\\/\\\/about.openki.net\\\/en\\\/community\\\/partner\\\/testimonials\\\/#breadcrumb\",\"itemListElement\":[{\"@type\":\"ListItem\",\"position\":1,\"name\":\"Startseite\",\"item\":\"https:\\\/\\\/about.openki.net\\\/en\\\/\"},{\"@type\":\"ListItem\",\"position\":2,\"name\":\"Community\",\"item\":\"https:\\\/\\\/about.openki.net\\\/en\\\/community\\\/\"},{\"@type\":\"ListItem\",\"position\":3,\"name\":\"Partner\",\"item\":\"https:\\\/\\\/about.openki.net\\\/en\\\/?page_id=554\"},{\"@type\":\"ListItem\",\"position\":4,\"name\":\"Referenzen\"}]},{\"@type\":\"WebSite\",\"@id\":\"https:\\\/\\\/about.openki.net\\\/en\\\/#website\",\"url\":\"https:\\\/\\\/about.openki.net\\\/en\\\/\",\"name\":\"The platform for open education\",\"description\":\"Information about the project\",\"publisher\":{\"@id\":\"https:\\\/\\\/about.openki.net\\\/en\\\/#organization\"},\"potentialAction\":[{\"@type\":\"SearchAction\",\"target\":{\"@type\":\"EntryPoint\",\"urlTemplate\":\"https:\\\/\\\/about.openki.net\\\/en\\\/?s={search_term_string}\"},\"query-input\":{\"@type\":\"PropertyValueSpecification\",\"valueRequired\":true,\"valueName\":\"search_term_string\"}}],\"inLanguage\":\"en-US\"},{\"@type\":\"Organization\",\"@id\":\"https:\\\/\\\/about.openki.net\\\/en\\\/#organization\",\"name\":\"Openki\",\"url\":\"https:\\\/\\\/about.openki.net\\\/en\\\/\",\"logo\":{\"@type\":\"ImageObject\",\"inLanguage\":\"en-US\",\"@id\":\"https:\\\/\\\/about.openki.net\\\/en\\\/#\\\/schema\\\/logo\\\/image\\\/\",\"url\":\"https:\\\/\\\/about.openki.net\\\/wp-content\\\/uploads\\\/2019\\\/05\\\/openki.jpg\",\"contentUrl\":\"https:\\\/\\\/about.openki.net\\\/wp-content\\\/uploads\\\/2019\\\/05\\\/openki.jpg\",\"width\":1000,\"height\":1000,\"caption\":\"Openki\"},\"image\":{\"@id\":\"https:\\\/\\\/about.openki.net\\\/en\\\/#\\\/schema\\\/logo\\\/image\\\/\"},\"sameAs\":[\"https:\\\/\\\/www.facebook.com\\\/openki.net\\\/\",\"https:\\\/\\\/x.com\\\/openkinet\",\"https:\\\/\\\/www.instagram.com\\\/openkinet\\\/\",\"https:\\\/\\\/www.linkedin.com\\\/company\\\/openki\"]}]}<\/script>\n<!-- \/ Yoast SEO plugin. -->","yoast_head_json":{"title":"Testimonials - The platform for open education","robots":{"index":"index","follow":"follow","max-snippet":"max-snippet:-1","max-image-preview":"max-image-preview:large","max-video-preview":"max-video-preview:-1"},"canonical":"https:\/\/about.openki.net\/en\/community\/partner\/testimonials\/","og_locale":"en_US","og_type":"article","og_title":"Testimonials - The platform for open education","og_description":"&#8211; Auf Openki sind Kurse aller Denkarten m\u00f6glich: Von Zertifikat bis Lerngruppe. Von ziel- und nutzenorientiertem Lernen bis hin zu spielerischen und experimentellem, die Neugierde stillenden Lernen. Gerade dieses informelle Lernen braucht es, damit Menschen sich wieder dem Lernen zuwenden, welche sich das Lernen sonst gar nicht zutrauen. &#8211; Bei der Plattform geht es um [&hellip;]","og_url":"https:\/\/about.openki.net\/en\/community\/partner\/testimonials\/","og_site_name":"The platform for open education","article_publisher":"https:\/\/www.facebook.com\/openki.net\/","article_modified_time":"2017-10-10T15:00:01+00:00","twitter_card":"summary_large_image","twitter_site":"@openkinet","twitter_misc":{"Est. reading time":"4 minutes"},"schema":{"@context":"https:\/\/schema.org","@graph":[{"@type":"WebPage","@id":"https:\/\/about.openki.net\/en\/community\/partner\/testimonials\/","url":"https:\/\/about.openki.net\/en\/community\/partner\/testimonials\/","name":"Testimonials - The platform for open education","isPartOf":{"@id":"https:\/\/about.openki.net\/en\/#website"},"datePublished":"2014-12-05T05:18:18+00:00","dateModified":"2017-10-10T15:00:01+00:00","breadcrumb":{"@id":"https:\/\/about.openki.net\/en\/community\/partner\/testimonials\/#breadcrumb"},"inLanguage":"en-US","potentialAction":[{"@type":"ReadAction","target":[["https:\/\/about.openki.net\/en\/community\/partner\/testimonials\/"]]}]},{"@type":"BreadcrumbList","@id":"https:\/\/about.openki.net\/en\/community\/partner\/testimonials\/#breadcrumb","itemListElement":[{"@type":"ListItem","position":1,"name":"Startseite","item":"https:\/\/about.openki.net\/en\/"},{"@type":"ListItem","position":2,"name":"Community","item":"https:\/\/about.openki.net\/en\/community\/"},{"@type":"ListItem","position":3,"name":"Partner","item":"https:\/\/about.openki.net\/en\/?page_id=554"},{"@type":"ListItem","position":4,"name":"Referenzen"}]},{"@type":"WebSite","@id":"https:\/\/about.openki.net\/en\/#website","url":"https:\/\/about.openki.net\/en\/","name":"The platform for open education","description":"Information about the project","publisher":{"@id":"https:\/\/about.openki.net\/en\/#organization"},"potentialAction":[{"@type":"SearchAction","target":{"@type":"EntryPoint","urlTemplate":"https:\/\/about.openki.net\/en\/?s={search_term_string}"},"query-input":{"@type":"PropertyValueSpecification","valueRequired":true,"valueName":"search_term_string"}}],"inLanguage":"en-US"},{"@type":"Organization","@id":"https:\/\/about.openki.net\/en\/#organization","name":"Openki","url":"https:\/\/about.openki.net\/en\/","logo":{"@type":"ImageObject","inLanguage":"en-US","@id":"https:\/\/about.openki.net\/en\/#\/schema\/logo\/image\/","url":"https:\/\/about.openki.net\/wp-content\/uploads\/2019\/05\/openki.jpg","contentUrl":"https:\/\/about.openki.net\/wp-content\/uploads\/2019\/05\/openki.jpg","width":1000,"height":1000,"caption":"Openki"},"image":{"@id":"https:\/\/about.openki.net\/en\/#\/schema\/logo\/image\/"},"sameAs":["https:\/\/www.facebook.com\/openki.net\/","https:\/\/x.com\/openkinet","https:\/\/www.instagram.com\/openkinet\/","https:\/\/www.linkedin.com\/company\/openki"]}]}},"_links":{"self":[{"href":"https:\/\/about.openki.net\/en\/wp-json\/wp\/v2\/pages\/735","targetHints":{"allow":["GET"]}}],"collection":[{"href":"https:\/\/about.openki.net\/en\/wp-json\/wp\/v2\/pages"}],"about":[{"href":"https:\/\/about.openki.net\/en\/wp-json\/wp\/v2\/types\/page"}],"author":[{"embeddable":true,"href":"https:\/\/about.openki.net\/en\/wp-json\/wp\/v2\/users\/11"}],"replies":[{"embeddable":true,"href":"https:\/\/about.openki.net\/en\/wp-json\/wp\/v2\/comments?post=735"}],"version-history":[{"count":54,"href":"https:\/\/about.openki.net\/en\/wp-json\/wp\/v2\/pages\/735\/revisions"}],"predecessor-version":[{"id":1390,"href":"https:\/\/about.openki.net\/en\/wp-json\/wp\/v2\/pages\/735\/revisions\/1390"}],"up":[{"embeddable":true,"href":"https:\/\/about.openki.net\/en\/wp-json\/wp\/v2\/pages\/554"}],"wp:attachment":[{"href":"https:\/\/about.openki.net\/en\/wp-json\/wp\/v2\/media?parent=735"}],"curies":[{"name":"wp","href":"https:\/\/api.w.org\/{rel}","templated":true}]}}